{"id":92,"date":"2021-09-20T22:45:50","date_gmt":"2021-09-21T01:45:50","guid":{"rendered":"https:\/\/motomensajeria.net.ar\/info\/trabajos\/"},"modified":"2022-05-19T09:36:59","modified_gmt":"2022-05-19T12:36:59","slug":"trabajos","status":"publish","type":"page","link":"https:\/\/motomensajeria.net.ar\/info\/trabajos\/","title":{"rendered":"Trabajos"},"content":{"rendered":"<div class=\"job_listings\" data-location=\"\" data-keywords=\"\" data-show_filters=\"true\" data-show_pagination=\"false\" data-per_page=\"10\" data-orderby=\"featured\" data-order=\"DESC\" data-categories=\"\" data-disable-form-state-storage=\"\" data-featured_first=\"false\" data-post_id=\"92\" >\n<form class=\"job_filters\">\n\t\n\t<div class=\"search_jobs\">\n\t\t\n\t\t<div class=\"search_keywords\">\n\t\t\t<label for=\"search_keywords\">Palabras clave<\/label>\n\t\t\t<input type=\"text\" name=\"search_keywords\" id=\"search_keywords\" placeholder=\"Palabras clave\" value=\"\" \/>\n\t\t<\/div>\n\n\t\t<div class=\"search_location\">\n\t\t\t<label for=\"search_location\">Ubicaci\u00f3n<\/label>\n\t\t\t<input type=\"text\" name=\"search_location\" id=\"search_location\" placeholder=\"Ubicaci\u00f3n\" value=\"\" \/>\n\t\t<\/div>\n\n\t\t\t\t\t<div class=\"search_remote_position\">\n\t\t\t\t<input type=\"checkbox\" class=\"input-checkbox\" name=\"remote_position\" id=\"remote_position\" placeholder=\"Ubicaci\u00f3n\" value=\"1\"  \/>\n\t\t\t\t<label for=\"remote_position\" id=\"remote_position_label\">Solo puestos en remoto<\/label>\n\t\t\t<\/div>\n\t\t\n\t\t<div style=\"clear: both\"><\/div>\n\n\t\t\n\t\t\t\t\t<div class=\"search_submit\">\n\t\t\t\t<input type=\"submit\" value=\"Buscar trabajos\">\n\t\t\t<\/div>\n\t\t\n\t\t\t<\/div>\n\n\t\t<ul class=\"job_types\">\n\t\t\t\t\t<li><label for=\"job_type_freelance\" class=\"freelance\"><input type=\"checkbox\" name=\"filter_job_type[]\" value=\"freelance\"  checked='checked' id=\"job_type_freelance\" \/> Freelance<\/label><\/li>\n\t\t\t\t\t<li><label for=\"job_type_full-time\" class=\"full-time\"><input type=\"checkbox\" name=\"filter_job_type[]\" value=\"full-time\"  checked='checked' id=\"job_type_full-time\" \/> Full Time<\/label><\/li>\n\t\t\t\t\t<li><label for=\"job_type_internship\" class=\"internship\"><input type=\"checkbox\" name=\"filter_job_type[]\" value=\"internship\"  checked='checked' id=\"job_type_internship\" \/> Internship<\/label><\/li>\n\t\t\t\t\t<li><label for=\"job_type_part-time\" class=\"part-time\"><input type=\"checkbox\" name=\"filter_job_type[]\" value=\"part-time\"  checked='checked' id=\"job_type_part-time\" \/> Part Time<\/label><\/li>\n\t\t\t\t\t<li><label for=\"job_type_temporary\" class=\"temporary\"><input type=\"checkbox\" name=\"filter_job_type[]\" value=\"temporary\"  checked='checked' id=\"job_type_temporary\" \/> Temporary<\/label><\/li>\n\t\t\t<\/ul>\n\t<input type=\"hidden\" name=\"filter_job_type[]\" value=\"\" \/>\n<div class=\"showing_jobs\"><\/div><\/form>\n\n\n<noscript>Tu navegador no es compatible con JavaScript o est\u00e1 desactivado. JavaScript debe estar activado para poder ver las ofertas.<\/noscript>\n<ul class=\"job_listings\">\n<\/ul>\n<a class=\"load_more_jobs\" href=\"#\" style=\"display:none;\"><strong>Cargar m\u00e1s ofertas<\/strong><\/a><\/div>\n<p>Aqu\u00ed te mostramos todas las ofertas laborales relacionados al rubro log\u00edstica. Encontr\u00e1 el trabajo que estas buscando ya mismo.<\/p>\n","protected":false},"excerpt":{"rendered":"<p>Aqu\u00ed te mostramos todas las ofertas laborales relacionados al rubro log\u00edstica. Encontr\u00e1 el trabajo que estas buscando ya mismo.<\/p>\n","protected":false},"author":4,"featured_media":0,"parent":0,"menu_order":0,"comment_status":"closed","ping_status":"closed","template":"","meta":{"footnotes":""},"class_list":["post-92","page","type-page","status-publish","hentry"],"yoast_head":"<!-- This site is optimized with the Yoast SEO plugin v26.9 - https:\/\/yoast.com\/product\/yoast-seo-wordpress\/ -->\n<title>Buscador de empleos de la rama log\u00edstica, mensajer\u00eda y varios<\/title>\n<meta name=\"description\" content=\"Aqu\u00ed te mostramos todas las ofertas laborales relacionados al rubro log\u00edstica. Encontr\u00e1 el trabajo que estas buscando ya mismo.\" \/>\n<meta name=\"robots\" content=\"index, follow, max-snippet:-1, max-image-preview:large, max-video-preview:-1\" \/>\n<link rel=\"canonical\" href=\"https:\/\/motomensajeria.net.ar\/info\/trabajos\/\" \/>\n<meta property=\"og:locale\" content=\"es_ES\" \/>\n<meta property=\"og:type\" content=\"article\" \/>\n<meta property=\"og:title\" content=\"Buscador de empleos de la rama log\u00edstica, mensajer\u00eda y varios\" \/>\n<meta property=\"og:description\" content=\"Aqu\u00ed te mostramos todas las ofertas laborales relacionados al rubro log\u00edstica. Encontr\u00e1 el trabajo que estas buscando ya mismo.\" \/>\n<meta property=\"og:url\" content=\"https:\/\/motomensajeria.net.ar\/info\/trabajos\/\" \/>\n<meta property=\"og:site_name\" content=\"Motomensajer\u00eda\" \/>\n<meta property=\"article:modified_time\" content=\"2022-05-19T12:36:59+00:00\" \/>\n<meta name=\"twitter:card\" content=\"summary_large_image\" \/>\n<meta name=\"twitter:label1\" content=\"Tiempo de lectura\" \/>\n\t<meta name=\"twitter:data1\" content=\"1 minuto\" \/>\n<script type=\"application\/ld+json\" class=\"yoast-schema-graph\">{\"@context\":\"https:\/\/schema.org\",\"@graph\":[{\"@type\":\"WebPage\",\"@id\":\"https:\/\/motomensajeria.net.ar\/info\/trabajos\/\",\"url\":\"https:\/\/motomensajeria.net.ar\/info\/trabajos\/\",\"name\":\"Buscador de empleos de la rama log\u00edstica, mensajer\u00eda y varios\",\"isPartOf\":{\"@id\":\"https:\/\/motomensajeria.net.ar\/info\/#website\"},\"datePublished\":\"2021-09-21T01:45:50+00:00\",\"dateModified\":\"2022-05-19T12:36:59+00:00\",\"description\":\"Aqu\u00ed te mostramos todas las ofertas laborales relacionados al rubro log\u00edstica. Encontr\u00e1 el trabajo que estas buscando ya mismo.\",\"breadcrumb\":{\"@id\":\"https:\/\/motomensajeria.net.ar\/info\/trabajos\/#breadcrumb\"},\"inLanguage\":\"es\",\"potentialAction\":[{\"@type\":\"ReadAction\",\"target\":[\"https:\/\/motomensajeria.net.ar\/info\/trabajos\/\"]}]},{\"@type\":\"BreadcrumbList\",\"@id\":\"https:\/\/motomensajeria.net.ar\/info\/trabajos\/#breadcrumb\",\"itemListElement\":[{\"@type\":\"ListItem\",\"position\":1,\"name\":\"Portada\",\"item\":\"https:\/\/motomensajeria.net.ar\/info\/\"},{\"@type\":\"ListItem\",\"position\":2,\"name\":\"Trabajos\"}]},{\"@type\":\"WebSite\",\"@id\":\"https:\/\/motomensajeria.net.ar\/info\/#website\",\"url\":\"https:\/\/motomensajeria.net.ar\/info\/\",\"name\":\"Motomensajer\u00eda\",\"description\":\"Todo lo que necesitas saber\",\"potentialAction\":[{\"@type\":\"SearchAction\",\"target\":{\"@type\":\"EntryPoint\",\"urlTemplate\":\"https:\/\/motomensajeria.net.ar\/info\/?s={search_term_string}\"},\"query-input\":{\"@type\":\"PropertyValueSpecification\",\"valueRequired\":true,\"valueName\":\"search_term_string\"}}],\"inLanguage\":\"es\"}]}<\/script>\n<!-- \/ Yoast SEO plugin. -->","yoast_head_json":{"title":"Buscador de empleos de la rama log\u00edstica, mensajer\u00eda y varios","description":"Aqu\u00ed te mostramos todas las ofertas laborales relacionados al rubro log\u00edstica. Encontr\u00e1 el trabajo que estas buscando ya mismo.","robots":{"index":"index","follow":"follow","max-snippet":"max-snippet:-1","max-image-preview":"max-image-preview:large","max-video-preview":"max-video-preview:-1"},"canonical":"https:\/\/motomensajeria.net.ar\/info\/trabajos\/","og_locale":"es_ES","og_type":"article","og_title":"Buscador de empleos de la rama log\u00edstica, mensajer\u00eda y varios","og_description":"Aqu\u00ed te mostramos todas las ofertas laborales relacionados al rubro log\u00edstica. Encontr\u00e1 el trabajo que estas buscando ya mismo.","og_url":"https:\/\/motomensajeria.net.ar\/info\/trabajos\/","og_site_name":"Motomensajer\u00eda","article_modified_time":"2022-05-19T12:36:59+00:00","twitter_card":"summary_large_image","twitter_misc":{"Tiempo de lectura":"1 minuto"},"schema":{"@context":"https:\/\/schema.org","@graph":[{"@type":"WebPage","@id":"https:\/\/motomensajeria.net.ar\/info\/trabajos\/","url":"https:\/\/motomensajeria.net.ar\/info\/trabajos\/","name":"Buscador de empleos de la rama log\u00edstica, mensajer\u00eda y varios","isPartOf":{"@id":"https:\/\/motomensajeria.net.ar\/info\/#website"},"datePublished":"2021-09-21T01:45:50+00:00","dateModified":"2022-05-19T12:36:59+00:00","description":"Aqu\u00ed te mostramos todas las ofertas laborales relacionados al rubro log\u00edstica. Encontr\u00e1 el trabajo que estas buscando ya mismo.","breadcrumb":{"@id":"https:\/\/motomensajeria.net.ar\/info\/trabajos\/#breadcrumb"},"inLanguage":"es","potentialAction":[{"@type":"ReadAction","target":["https:\/\/motomensajeria.net.ar\/info\/trabajos\/"]}]},{"@type":"BreadcrumbList","@id":"https:\/\/motomensajeria.net.ar\/info\/trabajos\/#breadcrumb","itemListElement":[{"@type":"ListItem","position":1,"name":"Portada","item":"https:\/\/motomensajeria.net.ar\/info\/"},{"@type":"ListItem","position":2,"name":"Trabajos"}]},{"@type":"WebSite","@id":"https:\/\/motomensajeria.net.ar\/info\/#website","url":"https:\/\/motomensajeria.net.ar\/info\/","name":"Motomensajer\u00eda","description":"Todo lo que necesitas saber","potentialAction":[{"@type":"SearchAction","target":{"@type":"EntryPoint","urlTemplate":"https:\/\/motomensajeria.net.ar\/info\/?s={search_term_string}"},"query-input":{"@type":"PropertyValueSpecification","valueRequired":true,"valueName":"search_term_string"}}],"inLanguage":"es"}]}},"_links":{"self":[{"href":"https:\/\/motomensajeria.net.ar\/info\/wp-json\/wp\/v2\/pages\/92","targetHints":{"allow":["GET"]}}],"collection":[{"href":"https:\/\/motomensajeria.net.ar\/info\/wp-json\/wp\/v2\/pages"}],"about":[{"href":"https:\/\/motomensajeria.net.ar\/info\/wp-json\/wp\/v2\/types\/page"}],"author":[{"embeddable":true,"href":"https:\/\/motomensajeria.net.ar\/info\/wp-json\/wp\/v2\/users\/4"}],"replies":[{"embeddable":true,"href":"https:\/\/motomensajeria.net.ar\/info\/wp-json\/wp\/v2\/comments?post=92"}],"version-history":[{"count":1,"href":"https:\/\/motomensajeria.net.ar\/info\/wp-json\/wp\/v2\/pages\/92\/revisions"}],"predecessor-version":[{"id":172,"href":"https:\/\/motomensajeria.net.ar\/info\/wp-json\/wp\/v2\/pages\/92\/revisions\/172"}],"wp:attachment":[{"href":"https:\/\/motomensajeria.net.ar\/info\/wp-json\/wp\/v2\/media?parent=92"}],"curies":[{"name":"wp","href":"https:\/\/api.w.org\/{rel}","templated":true}]}}